{"id":41,"date":"2025-09-17T07:19:25","date_gmt":"2025-09-17T07:19:25","guid":{"rendered":"https:\/\/www.simo.louisst.o2switch.site\/blog\/?page_id=41"},"modified":"2025-11-06T07:08:58","modified_gmt":"2025-11-06T07:08:58","slug":"accueil","status":"publish","type":"page","link":"https:\/\/www.simo.louisst.o2switch.site\/blog\/","title":{"rendered":"Accueil"},"content":{"rendered":"\n<p style=\"margin-top:0;margin-bottom:0;line-height:1.8;text-transform:none\">Bonjour et bienvenue sur mon site !<br>Je m\u2019appelle&nbsp;<strong>Aymeric Simo<\/strong>, j\u2019ai&nbsp;<strong>21 ans<\/strong>&nbsp;et j\u2019habite \u00e0&nbsp;<strong>Vaugneray<\/strong>, une commune situ\u00e9e \u00e0 proximit\u00e9 de Lyon. Je suis actuellement&nbsp;<strong>\u00e9tudiant en premi\u00e8re ann\u00e9e de BTS NDRC<\/strong>&nbsp;(N\u00e9gociation et Digitalisation de la Relation Client). \u00c0 travers ce site, j\u2019ai souhait\u00e9 partager mon parcours, mes projets, mes passions et donner un aper\u00e7u de ce qui m\u2019anime au quotidien.<\/p>\n\n\n\n<p style=\"margin-top:0;margin-bottom:0;line-height:1.8;text-transform:none\">Mon objectif avec ce site est de proposer un espace simple et personnel, o\u00f9 l\u2019on peut d\u00e9couvrir qui je suis, comprendre mon parcours scolaire, mais aussi en savoir un peu plus sur mes centres d\u2019int\u00e9r\u00eat et mes ambitions professionnelles.<\/p>\n\n\n\n<p style=\"margin-top:0;margin-bottom:0;line-height:1.8;text-transform:none\">Sur la page&nbsp;<strong>Accueil<\/strong>, vous trouverez plusieurs articles qui pr\u00e9sentent les diff\u00e9rentes parties de mon univers :<\/p>\n\n\n\n<ul style=\"text-transform:none\" class=\"wp-block-list\">\n<li>Une&nbsp;<strong>pr\u00e9sentation personnelle<\/strong>, o\u00f9 je parle un peu plus de mon parcours et de mes motivations.<\/li>\n\n\n\n<li>Une&nbsp;<strong>section d\u00e9di\u00e9e \u00e0 mes passions<\/strong>, dans laquelle je partage ce que j\u2019aime faire en dehors de mes \u00e9tudes.<\/li>\n\n\n\n<li>Une partie consacr\u00e9e \u00e0&nbsp;<strong>mon projet professionnel<\/strong>, o\u00f9 j\u2019explique les m\u00e9tiers qui m\u2019attirent et les objectifs que je souhaite atteindre \u00e0 long terme.<\/li>\n\n\n\n<li>Une page sur ma&nbsp;<strong>formation en BTS NDRC<\/strong>, qui d\u00e9taille ce que j\u2019apprends au quotidien, les comp\u00e9tences d\u00e9velopp\u00e9es ainsi que les&nbsp;<strong>d\u00e9bouch\u00e9s<\/strong>&nbsp;possibles apr\u00e8s le dipl\u00f4me.<\/li>\n\n\n\n<li>Enfin, une&nbsp;<strong>page de contact<\/strong>&nbsp;vous permet de me joindre facilement si vous souhaitez \u00e9changer avec moi ou en savoir plus sur mon parcours.<\/li>\n<\/ul>\n\n\n\n<p style=\"line-height:1.6;text-transform:none\">Ce site me permet \u00e0 la fois de mettre en avant mon profil \u00e9tudiant et de montrer ma motivation pour \u00e9voluer dans le domaine du commerce et de la relation client. J\u2019esp\u00e8re que votre visite vous permettra de mieux me conna\u00eetre et de comprendre le chemin que je souhaite construire pour mon avenir professionnel.<\/p>\n\n\n\n<p><\/p>\n\n\n\n<div class=\"wp-block-uagb-forms uagb-forms__outer-wrap uagb-block-ed336333 uagb-forms__medium-btn\"><form class=\"uagb-forms-main-form\" method=\"post\" autocomplete=\"on\" name=\"uagb-form-ed336333\">\n<div class=\"wp-block-uagb-forms-name uagb-forms-name-wrap uagb-forms-field-set uagb-block-cff73ea3\"><div class=\"uagb-forms-name-label required uagb-forms-input-label\" id=\"cff73ea3\">First Name<\/div><input type=\"text\" placeholder=\"John\" required class=\"uagb-forms-name-input uagb-forms-input\" name=\"cff73ea3\" autocomplete=\"given-name\"\/><\/div>\n\n\n\n<div class=\"wp-block-uagb-forms-name uagb-forms-name-wrap uagb-forms-field-set uagb-block-3f2f502e\"><div class=\"uagb-forms-name-label required uagb-forms-input-label\" id=\"3f2f502e\">Last Name<\/div><input type=\"text\" placeholder=\"Doe\" required class=\"uagb-forms-name-input uagb-forms-input\" name=\"3f2f502e\" autocomplete=\"family-name\"\/><\/div>\n\n\n\n<div class=\"wp-block-uagb-forms-email uagb-forms-email-wrap uagb-forms-field-set uagb-block-0757b55e\"><div class=\"uagb-forms-email-label  uagb-forms-input-label\" id=\"0757b55e\">Email<\/div><input type=\"email\" class=\"uagb-forms-email-input uagb-forms-input\" placeholder=\"example@mail.com\" name=\"0757b55e\" autocomplete=\"email\"\/><\/div>\n\n\n\n<div class=\"wp-block-uagb-forms-textarea uagb-forms-textarea-wrap uagb-forms-field-set uagb-block-3ba300fb\"><div class=\"uagb-forms-textarea-label required uagb-forms-input-label\" id=\"3ba300fb\">Message<\/div><textarea required class=\"uagb-forms-textarea-input uagb-forms-input\" rows=\"4\" placeholder=\"Enter your message\" name=\"3ba300fb\" autocomplete=\"off\"><\/textarea><\/div>\n<div class=\"uagb-forms-form-hidden-data\"><input type=\"hidden\" class=\"uagb_forms_form_label\" value=\"Spectra Form\"\/><input type=\"hidden\" class=\"uagb_forms_form_id\" value=\"uagb-form-ed336333\"\/><\/div><div class=\"uagb-form-reacaptcha-error-ed336333\"><\/div><div class=\"uagb-forms-main-submit-button-wrap wp-block-button\"><button class=\"uagb-forms-main-submit-button wp-block-button__link\"><div class=\"uagb-forms-main-submit-button-text\">Submit<\/div><\/button><\/div><\/form><div class=\"uagb-forms-success-message-ed336333 uagb-forms-submit-message-hide\"><span>The form has been submitted successfully!<\/span><\/div><div class=\"uagb-forms-failed-message-ed336333 uagb-forms-submit-message-hide\"><span>There has been some error while submitting the form. Please verify all form fields again.<\/span><\/div><\/div>\n\n\n\n<div class=\"wp-block-uagb-container uagb-block-100ae386 alignfull uagb-is-root-container\"><div class=\"uagb-container-inner-blocks-wrap\">\n<div class=\"wp-block-uagb-container uagb-block-af471b9a\"><\/div>\n\n\n\n<div class=\"wp-block-uagb-container uagb-block-08861309\"><\/div>\n<\/div><\/div>\n\n\n\n<figure class=\"wp-block-gallery has-nested-images columns-default is-cropped wp-block-gallery-1 is-layout-flex wp-block-gallery-is-layout-flex\">\n<figure class=\"wp-block-image size-large\"><img loading=\"lazy\" decoding=\"async\" width=\"576\" height=\"1024\" data-id=\"271\" src=\"https:\/\/www.simo.louisst.o2switch.site\/blog\/wp-content\/uploads\/2025\/11\/4-1-576x1024.jpg\" alt=\"\" class=\"wp-image-271\" srcset=\"https:\/\/www.simo.louisst.o2switch.site\/blog\/wp-content\/uploads\/2025\/11\/4-1-576x1024.jpg 576w, https:\/\/www.simo.louisst.o2switch.site\/blog\/wp-content\/uploads\/2025\/11\/4-1-169x300.jpg 169w, https:\/\/www.simo.louisst.o2switch.site\/blog\/wp-content\/uploads\/2025\/11\/4-1.jpg 675w\" sizes=\"auto, (max-width: 576px) 100vw, 576px\" \/><\/figure>\n<\/figure>\n","protected":false},"excerpt":{"rendered":"<p>Bonjour et bienvenue sur mon site !Je m\u2019appelle&nbsp;Aymeric Simo, j\u2019ai&nbsp;21 ans&nbsp;et j\u2019habite \u00e0&nbsp;Vaugneray, une commune situ\u00e9e \u00e0 proximit\u00e9 de Lyon. [&hellip;]<\/p>\n","protected":false},"author":1,"featured_media":0,"parent":0,"menu_order":0,"comment_status":"closed","ping_status":"closed","template":"","meta":{"_uag_custom_page_level_css":"","site-sidebar-layout":"default","site-content-layout":"","ast-site-content-layout":"default","site-content-style":"default","site-sidebar-style":"default","ast-global-header-display":"","ast-banner-title-visibility":"","ast-main-header-display":"","ast-hfb-above-header-display":"","ast-hfb-below-header-display":"","ast-hfb-mobile-header-display":"","site-post-title":"","ast-breadcrumbs-content":"","ast-featured-img":"","footer-sml-layout":"","theme-transparent-header-meta":"","adv-header-id-meta":"","stick-header-meta":"","header-above-stick-meta":"","header-main-stick-meta":"","header-below-stick-meta":"","astra-migrate-meta-layouts":"default","ast-page-background-enabled":"default","ast-page-background-meta":{"desktop":{"background-color":"var(--ast-global-color-5)","background-image":"","background-repeat":"repeat","background-position":"center center","background-size":"auto","background-attachment":"scroll","background-type":"","background-media":"","overlay-type":"","overlay-color":"","overlay-opacity":"","overlay-gradient":""},"tablet":{"background-color":"","background-image":"","background-repeat":"repeat","background-position":"center center","background-size":"auto","background-attachment":"scroll","background-type":"","background-media":"","overlay-type":"","overlay-color":"","overlay-opacity":"","overlay-gradient":""},"mobile":{"background-color":"","background-image":"","background-repeat":"repeat","background-position":"center center","background-size":"auto","background-attachment":"scroll","background-type":"","background-media":"","overlay-type":"","overlay-color":"","overlay-opacity":"","overlay-gradient":""}},"ast-content-background-meta":{"desktop":{"background-color":"var(--ast-global-color-4)","background-image":"","background-repeat":"repeat","background-position":"center center","background-size":"auto","background-attachment":"scroll","background-type":"","background-media":"","overlay-type":"","overlay-color":"","overlay-opacity":"","overlay-gradient":""},"tablet":{"background-color":"var(--ast-global-color-4)","background-image":"","background-repeat":"repeat","background-position":"center center","background-size":"auto","background-attachment":"scroll","background-type":"","background-media":"","overlay-type":"","overlay-color":"","overlay-opacity":"","overlay-gradient":""},"mobile":{"background-color":"var(--ast-global-color-4)","background-image":"","background-repeat":"repeat","background-position":"center center","background-size":"auto","background-attachment":"scroll","background-type":"","background-media":"","overlay-type":"","overlay-color":"","overlay-opacity":"","overlay-gradient":""}},"footnotes":""},"class_list":["post-41","page","type-page","status-publish","hentry"],"uagb_featured_image_src":{"full":false,"thumbnail":false,"medium":false,"medium_large":false,"large":false,"1536x1536":false,"2048x2048":false},"uagb_author_info":{"display_name":"admin","author_link":"https:\/\/www.simo.louisst.o2switch.site\/blog\/author\/admin\/"},"uagb_comment_info":0,"uagb_excerpt":"Bonjour et bienvenue sur mon site !Je m\u2019appelle&nbsp;Aymeric Simo, j\u2019ai&nbsp;21 ans&nbsp;et j\u2019habite \u00e0&nbsp;Vaugneray, une commune situ\u00e9e \u00e0 proximit\u00e9 de Lyon. [&hellip;]","_links":{"self":[{"href":"https:\/\/www.simo.louisst.o2switch.site\/blog\/wp-json\/wp\/v2\/pages\/41","targetHints":{"allow":["GET"]}}],"collection":[{"href":"https:\/\/www.simo.louisst.o2switch.site\/blog\/wp-json\/wp\/v2\/pages"}],"about":[{"href":"https:\/\/www.simo.louisst.o2switch.site\/blog\/wp-json\/wp\/v2\/types\/page"}],"author":[{"embeddable":true,"href":"https:\/\/www.simo.louisst.o2switch.site\/blog\/wp-json\/wp\/v2\/users\/1"}],"replies":[{"embeddable":true,"href":"https:\/\/www.simo.louisst.o2switch.site\/blog\/wp-json\/wp\/v2\/comments?post=41"}],"version-history":[{"count":5,"href":"https:\/\/www.simo.louisst.o2switch.site\/blog\/wp-json\/wp\/v2\/pages\/41\/revisions"}],"predecessor-version":[{"id":272,"href":"https:\/\/www.simo.louisst.o2switch.site\/blog\/wp-json\/wp\/v2\/pages\/41\/revisions\/272"}],"wp:attachment":[{"href":"https:\/\/www.simo.louisst.o2switch.site\/blog\/wp-json\/wp\/v2\/media?parent=41"}],"curies":[{"name":"wp","href":"https:\/\/api.w.org\/{rel}","templated":true}]}}